{"id":10,"date":"2014-07-11T10:15:17","date_gmt":"2014-07-11T10:15:17","guid":{"rendered":"http:\/\/marialegio.hu\/wordpress\/?page_id=10"},"modified":"2017-03-07T10:29:06","modified_gmt":"2017-03-07T10:29:06","slug":"felepitese","status":"publish","type":"page","link":"https:\/\/marialegio.hu\/?page_id=10","title":{"rendered":"Fel\u00e9p\u00edt\u00e9se"},"content":{"rendered":"<p>Fels\u0151bb szerv\u00fcnk, mely egyben a vil\u00e1gszervezet k\u00f6zpontja:<\/p>\n<p style=\"text-align: center;\">\u00a0Concilium Legionis Mariae De Montfort House Morning Star Avenue Brunswick Street Dublin 7 Ireland Tel: +353 1 872 3153 +++ Fax: +353 1 872 6386 email : <a href=\"mailto:concilium@legion-of-mary.ie\">concilium@legion-of-mary.ie<\/a><\/p>\n<p>Magyarorsz\u00e1gi k\u00f6zpontja:<\/p>\n<p style=\"text-align: center;\">\u00a0Magyar M\u00e1ria L\u00e9gi\u00f3 R\u00e9gi\u00e1ja\u00a0\u00a0\u00a0 Budapest, V. Szent Istv\u00e1n Bazilika\u00a0\u00a0\u00a0 email : <a href=\"mailto:marialegiom@gmail.com\">marialegiom@gmail.com<\/a><\/p>\n<p>A R\u00e9gi\u00e1hoz jelenleg &#8211; 2017. janu\u00e1rj\u00e1ban &#8211; 223 Praesidium tartozik, melyek a Curi\u00e1khoz, azok Comitiumokhoz, illetve k\u00f6zvetlen\u00fcl a R\u00e9gi\u00e1hoz, mint fels\u0151bb test\u00fcletekhez tartoznak.<\/p>\n<h4>R\u00e9gia:<\/h4>\n<p>k\u00f6zvetlen\u00fcl hozz\u00e1 tartoz\u00f3 Curi\u00e1k:<\/p>\n<ul>\n<li>Bp. \u00dajpest<\/li>\n<li>Cs\u00edksomly\u00f3<\/li>\n<li>Kistarcsa<\/li>\n<li>Eger<\/li>\n<li>J\u00e1szber\u00e9ny<\/li>\n<li>Miskolc<\/li>\n<li>P\u00e9cs<\/li>\n<li>S\u00fclys\u00e1p<\/li>\n<li>Sz\u00e9kelyudvarhely<\/li>\n<li>Szolnok<\/li>\n<li>Szob<\/li>\n<\/ul>\n<p>hozz\u00e1 tartoz\u00f3 Comitiumok:<\/p>\n<ul>\n<li>Debrecen: \u00a0Debrecen Szent Anna, Debrecen Szent L\u00e1szl\u00f3, Nyirs\u00e9g, Munk\u00e1cs Curi\u00e1kkal<\/li>\n<li>\u00c9rsekcsan\u00e1d: Kalocsa, Kiskunf\u00e9legyh\u00e1za, Szabadsz\u00e1ll\u00e1s Curi\u00e1kkal<\/li>\n<li>P\u00e1szt\u00f3: Nagyb\u00e1tony, Egyh\u00e1zasgerge\u00a0Curi\u00e1kkal<\/li>\n<li>Szeged: Szentes, B\u00e9k\u00e9scsaba, Mak\u00f3, Orosh\u00e1za\u00a0Curi\u00e1kkal<\/li>\n<li>Zalaegerszeg:\u00a0Zalaegerszeg J\u00e9zus Sz\u00edve, Lenti, Tesk\u00e1nd, V\u00e9p Curi\u00e1kkal<\/li>\n<\/ul>\n","protected":false},"excerpt":{"rendered":"<p>Fels\u0151bb szerv\u00fcnk, mely egyben a vil\u00e1gszervezet k\u00f6zpontja: \u00a0Concilium Legionis Mariae De Montfort House Morning Star Avenue Brunswick Street Dublin 7 Ireland Tel: +353 1 872 3153 +++ Fax: +353 1 872 6386 email : concilium@legion-of-mary.ie Magyarorsz\u00e1gi k\u00f6zpontja: \u00a0Magyar M\u00e1ria L\u00e9gi\u00f3 R\u00e9gi\u00e1ja\u00a0\u00a0\u00a0 Budapest, V. Szent Istv\u00e1n Bazilika\u00a0\u00a0\u00a0 email : marialegiom@gmail.com A R\u00e9gi\u00e1hoz jelenleg &#8211; 2017. janu\u00e1rj\u00e1ban &hellip; <a href=\"https:\/\/marialegio.hu\/?page_id=10\" class=\"more-link\"><span class=\"screen-reader-text\">Fel\u00e9p\u00edt\u00e9se<\/span> b\u0151vebben&#8230; <span class=\"meta-nav\">&rarr;<\/span><\/a><\/p>\n","protected":false},"author":1,"featured_media":0,"parent":0,"menu_order":0,"comment_status":"closed","ping_status":"closed","template":"","meta":{"footnotes":""},"class_list":["post-10","page","type-page","status-publish","hentry"],"_links":{"self":[{"href":"https:\/\/marialegio.hu\/index.php?rest_route=\/wp\/v2\/pages\/10","targetHints":{"allow":["GET"]}}],"collection":[{"href":"https:\/\/marialegio.hu\/index.php?rest_route=\/wp\/v2\/pages"}],"about":[{"href":"https:\/\/marialegio.hu\/index.php?rest_route=\/wp\/v2\/types\/page"}],"author":[{"embeddable":true,"href":"https:\/\/marialegio.hu\/index.php?rest_route=\/wp\/v2\/users\/1"}],"replies":[{"embeddable":true,"href":"https:\/\/marialegio.hu\/index.php?rest_route=%2Fwp%2Fv2%2Fcomments&post=10"}],"version-history":[{"count":11,"href":"https:\/\/marialegio.hu\/index.php?rest_route=\/wp\/v2\/pages\/10\/revisions"}],"predecessor-version":[{"id":194,"href":"https:\/\/marialegio.hu\/index.php?rest_route=\/wp\/v2\/pages\/10\/revisions\/194"}],"wp:attachment":[{"href":"https:\/\/marialegio.hu\/index.php?rest_route=%2Fwp%2Fv2%2Fmedia&parent=10"}],"curies":[{"name":"wp","href":"https:\/\/api.w.org\/{rel}","templated":true}]}}