{"id":56,"date":"2014-07-13T11:49:16","date_gmt":"2014-07-13T11:49:16","guid":{"rendered":"http:\/\/marialegio.hu\/wordpress\/?page_id=56"},"modified":"2014-07-13T16:17:56","modified_gmt":"2014-07-13T16:17:56","slug":"legios-imak","status":"publish","type":"page","link":"https:\/\/marialegio.hu\/?page_id=56","title":{"rendered":"L\u00e9gi\u00f3s im\u00e1k"},"content":{"rendered":"<p><strong>\u00a0<\/strong><em><strong>TESSZERA<\/strong> <\/em>\u2013 <strong>a seg\u00edt\u0151 l\u00e9gi\u00f3sok\u00a0napi im\u00e1ja\u00a0\u00a0\u00a0\u00a0\u00a0\u00a0\u00a0\u00a0<img loading=\"lazy\" decoding=\"async\" src=\"http:\/\/www.marialegio.hu\/webLegioimai_elemei\/image001.gif\" alt=\"\" width=\"225\" height=\"344\" \/> <\/strong><\/p>\n<p><strong>\u00a0\u00a0\u00a0\u00a0 BEVEZET\u0150 IMA\u00a0<\/strong><\/p>\n<p>Az Atya, a Fi\u00fa &#8230;<\/p>\n<p>V. J\u00f6jj Szentl\u00e9lek \u00daristen, t\u00f6ltsd el h\u00edveid sz\u00ed\u00adv\u00e9t \u00e9s gy\u00fajtsd l\u00e1ngra benn\u00fcnk szereteted t\u00fcz\u00e9t. \u00c1raszd r\u00e1nk Szentlelkedet \u00e9s minden \u00e9letre k\u00e9l.<\/p>\n<p>R. \u00c9s meg\u00faj\u00edtod a f\u00f6ld sz\u00edn\u00e9t.<\/p>\n<ol>\n<li><em> K\u00f6ny\u00f6r\u00f6gj\u00fcnk. <\/em>&#8211; Urunk \u00e9s Isten\u00fcnk! K\u00e9\u00adr\u00fcnk, szenteld meg egyh\u00e1zadat minden n\u00e9p\u00adben \u00e9s minden nemzetben. \u00c1raszd ki Szent\u00adlelked aj\u00e1nd\u00e9kait az eg\u00e9sz F\u00f6ldre \u00e9s add, hogy amit kegyelmed elind\u00edtott az \u00d6r\u00f6mh\u00edrrel, \u0150 folytassa a vil\u00e1gban a benned h\u00edv\u0151k sz\u00edv\u00e9n \u00e1t. A mi Urunk J\u00e9zus Krisztus \u00e1ltal.<\/li>\n<\/ol>\n<p>R. \u00c1men.<\/p>\n<p>V. Uram, nyisd meg ajkamat.<\/p>\n<p>R. Hogy dics\u00e9reted hirdesse sz\u00e1m.<\/p>\n<p>V. Isten, seg\u00edts meg engem.<\/p>\n<p>R. Uram, siess seg\u00edts\u00e9gemre.<\/p>\n<p>V. Dics\u0151s\u00e9g az Aty\u00e1nak, a Fi\u00fanak, \u00e9s a Szent\u00adl\u00e9leknek.<\/p>\n<p>R. Mik\u00e9ppen kezdetben, most \u00e9s mind\u00f6r\u00f6kk\u00e9. \u00c1men.<\/p>\n<p><em>(\u00d6t tizedet elim\u00e1dkozunk a szentolvas\u00f3b\u00f3l.)<\/em><\/p>\n<p><em>\u00a0\u00a0\u00a0\u00a0\u00a0 <\/em><strong>SALVE\u00a0 REGINA<\/strong><\/p>\n<p>V. \u00dcdv\u00f6zl\u00e9gy Kir\u00e1lyn\u0151,<\/p>\n<p>R. irgalmass\u00e1g Anyja! \u00c9let\u00fcnk, \u00e9dess\u00e9g\u00fcnk, rem\u00e9nys\u00e9g\u00fcnk, \u00fcdv\u00f6zl\u00e9gy! Hozz\u00e1d ki\u00e1ltunk \u00c9v\u00e1nak sz\u00e1mkivetett fiai, hozz\u00e1d s\u00f3hajtunk s\u00edrva \u00e9s zokogva e siralom v\u00f6lgy\u00e9b\u0151l. For\u00add\u00edtsd re\u00e1nk teh\u00e1t Sz\u00f3sz\u00f3l\u00f3nk irgalmas sze\u00admedet, \u00e9s e sz\u00e1mkivet\u00e9s ut\u00e1n mutasd meg nek\u00fcnk J\u00e9zust, m\u00e9hednek \u00e1ldott gy\u00fcm\u00f6lcs\u00e9t! \u00d3 irgalmas, \u00f3 kegyes, \u00f3 \u00e9des Sz\u0171z M\u00e1ria!<\/p>\n<p>V. Im\u00e1dkozz\u00e1l \u00e9rett\u00fcnk Istennek szent Anyja.<\/p>\n<p>R. Hogy m\u00e9lt\u00f3k lehess\u00fcnk Krisztus \u00edg\u00e9ret\u00e9re.<\/p>\n<p>V<em>. K\u00f6ny\u00f6r\u00f6gj\u00fcnk. <\/em>&#8211; Isten, kinek Egysz\u00fcl\u00f6tte \u00e9lete, hal\u00e1la \u00e9s felt\u00e1mad\u00e1sa \u00e1ltal az \u00f6r\u00f6k \u00e9let jutalm\u00e1t megszerezte nek\u00fcnk, engedd k\u00e9\u00adr\u00fcnk, hogy e titkokr\u00f3l a boldogs\u00e1gos Sz\u0171z M\u00e1ria szentolvas\u00f3ja elmond\u00e1s\u00e1val megeml\u00e9\u00adkezv\u00e9n, ut\u00e1nozzuk amit magukban foglalnak, \u00e9s elnyerj\u00fck, amit \u00edg\u00e9rnek. A mi Urunk J\u00e9zus Krisztus \u00e1ltal.<\/p>\n<p>R. \u00c1men.<\/p>\n<p>V. J\u00e9zus szents\u00e9ges Sz\u00edve<\/p>\n<p>R. Irgalmazz nek\u00fcnk!<\/p>\n<p>V. Sz\u0171z M\u00e1ria szepl\u0151telen Sz\u00edve<\/p>\n<p>R. K\u00f6ny\u00f6r\u00f6gj \u00e9rett\u00fcnk!<\/p>\n<p>V. Szent J\u00f3zsef<\/p>\n<p>R. K\u00f6ny\u00f6r\u00f6gj \u00e9rett\u00fcnk!<\/p>\n<p>V. Szent J\u00e1nos evang\u00e9lista<\/p>\n<p>R. K\u00f6ny\u00f6r\u00f6gj \u00e9rett\u00fcnk!<\/p>\n<p>V. Grignon Szent Lajos M\u00e1ria<\/p>\n<p>R. K\u00f6ny\u00f6r\u00f6gj \u00e9rett\u00fcnk!<\/p>\n<p>V. Az Atya V a Fi\u00fa &#8230;<\/p>\n<p><strong>CATENA LEGIONIS<\/strong> \u2013 az akt\u00edv l\u00e9gi\u00f3sok napi im\u00e1ja<\/p>\n<p>V. Ki az,<\/p>\n<p>R. ki el\u0151j\u00f6n, mint a hajnal p\u00edrja, sz\u00e9p, mint a hold, f\u00e9nyl\u0151, mint a Nap, f\u00e9lelmetes, mint a harcra k\u00e9sz sereg?<\/p>\n<p>V. Magasztalja V lelkem az Urat,<\/p>\n<p>R. \u00e9s sz\u00edvem ujjong \u00fcdv\u00f6z\u00edt\u0151 Istenemben.<\/p>\n<p>V. Tekintetre m\u00e9ltatta al\u00e1zatos szolg\u00e1l\u00f3le\u00e1ny\u00e1t: \u00edme, ezent\u00fal boldognak hirdet minden nemzed\u00e9k,<\/p>\n<p>R. mert nagyot m\u0171velt velem \u0150, aki Hatalmas: \u0150, akit Szentnek h\u00edvunk.<\/p>\n<p>V. Nemzed\u00e9kr\u0151l nemzed\u00e9kre megmarad irgalma azokon, akik istenf\u00e9l\u0151k.<\/p>\n<p>R. Csod\u00e1t m\u0171velt er\u0151s karj\u00e1val: a kev\u00e9lyked\u0151ket sz\u00e9jjelsz\u00f3rta,<\/p>\n<p>V. hatalmasokat el\u0171z\u00f6tt tr\u00f3njukr\u00f3l, kicsinyeket pedig felmagasztalt;<\/p>\n<p>R. Az \u00e9hez\u0151ket minden j\u00f3val bet\u00f6lti, a gazdagokat elbocs\u00e1tja \u00fcres k\u00e9zzel.<\/p>\n<p>V. Gondj\u00e1ba vette gyermek\u00e9t, Izraelt: megeml\u00e9kezett irgalm\u00e1r\u00f3l,<\/p>\n<p>R. melyet aty\u00e1inknak hajdan meg\u00edg\u00e9rt, \u00c1brah\u00e1mnak \u00e9s ut\u00f3dainak, mind\u00f6r\u00f6kk\u00e9.<\/p>\n<p>V. Dics\u0151s\u00e9g az Aty\u00e1nak, a Fi\u00fanak \u00e9s a Szentl\u00e9leknek.<\/p>\n<p>R. Mik\u00e9ppen kezdetben, most \u00e9s mind\u00f6r\u00f6kk\u00e9. \u00c1men.<\/p>\n<p>R. Ki az, ki el\u0151j\u00f6n, mint a hajnal p\u00edrja, sz\u00e9p, mint a hold, f\u00e9nyl\u0151, mint a Nap, f\u00e9lelmetes mint a harcra k\u00e9sz sereg?<\/p>\n<p>V. Szepl\u0151telen\u00fcl fogantatott Sz\u0171z M\u00e1ria.<\/p>\n<p>R. K\u00f6ny\u00f6r\u00f6gj \u00e9rett\u00fcnk, kik Hozz\u00e1d menek\u00fc\u00adl\u00fcnk.<\/p>\n<p>V<em>. K\u00f6ny\u00f6r\u00f6gj\u00fcnk. <\/em>&#8211; Urunk J\u00e9zus Krisztus, k\u00f6zvet\u00edt\u0151nk az Aty\u00e1n\u00e1l, ki a legszentebb Sz\u00fc\u00adzet, \u00c9desany\u00e1dat nek\u00fcnk is Any\u00e1nknak adtad, hogy k\u00f6zbenj\u00e1r\u00f3nk legyen N\u00e1lad. A T\u0151led kegyelmet k\u00e9r\u0151knek add meg azt az \u00f6r\u00f6met, hogy ami\u00e9rt esedeznek, azt M\u00e1ria \u00e1ltal el is nyerj\u00e9k.<\/p>\n<p>R. \u00c1men.<\/p>\n<p><strong>BEFEJEZ\u0150 IMA<\/strong><\/p>\n<p>V. Az Atya V a Fi\u00fa .. .<\/p>\n<p>Oltalmad al\u00e1 futunk, Istennek szent Sz\u00fcl\u0151je! K\u00f6ny\u00f6rg\u00e9s\u00fcnket meg ne vesd sz\u00fcks\u00e9g\u00fcnk idej\u00e9n, hanem oltalmazz meg minket minden veszedelemt\u0151l, mindenkor dics\u0151 \u00e9s \u00e1ldott Sz\u0171z!<\/p>\n<p>V. Szepl\u0151telen Sz\u0171zanya, minden kegyelem k\u00f6zvet\u00edt\u0151je <em>(<\/em><em>vagy a Praesidium saj\u00e1t k\u00f6ny\u00f6r\u00adg\u00e9se<\/em><em>)<\/em><\/p>\n<p>R. K\u00f6ny\u00f6r\u00f6gj \u00e9rett\u00fcnk!<\/p>\n<p>V. Szent Mih\u00e1ly \u00e9s Szent G\u00e1bor f\u0151angyalok<\/p>\n<p>R. K\u00f6ny\u00f6r\u00f6gjetek \u00e9rett\u00fcnk!<\/p>\n<p>V. Mennyei hatalmak, M\u00e1ria angyalainak l\u00e9gi\u00f3ja<\/p>\n<p>R. K\u00f6ny\u00f6r\u00f6gjetek \u00e9rett\u00fcnk!<\/p>\n<p>V. Keresztel\u0151 Szent J\u00e1nos<\/p>\n<p>R. K\u00f6ny\u00f6r\u00f6gj \u00e9rett\u00fcnk!<\/p>\n<p>V. Szent P\u00e9ter \u00e9s P\u00e1l apostolok<\/p>\n<p>R. K\u00f6ny\u00f6r\u00f6gjetek \u00e9rett\u00fcnk!<\/p>\n<p>R. Adj Urunk mindny\u00e1junknak, akik Nagyasszonyunk z\u00e1szlaja alatt szolg\u00e1lunk, h\u00f3d\u00edt\u00f3 erej\u0171 hitet, \u00e9s az Istenanya ir\u00e1nti gyermeki bizalmat, hogy a vil\u00e1got sz\u00e1modra megnyerhess\u00fck. Adj nek\u00fcnk eleven szeretett\u0151l \u00e1thatott hitet, amely er\u0151t ny\u00fajt, hogy mindent ir\u00e1ntad val\u00f3 \u0151szinte szeretetb\u0151l v\u00e9gezz\u00fcnk, minden embert\u00e1rsunkban T\u00e9ged l\u00e1ssunk, \u00e9s rajtuk kereszt\u00fcl Neked szolg\u00e1ljunk. Adj sziklaszil\u00e1rd rend\u00edthetetlen hitet, hogy az \u00e9let minden keresztj\u00e9ben, f\u00e1radalm\u00e1ban \u00e9s csal\u00f3d\u00e1s\u00e1ban \u00e1llhatatosan ki tudjunk tartani. T\u00e9gy hit\u00fcnkben b\u00e1trakk\u00e1: szent nyugtalans\u00e1g hajtson minket \u00fcgyed\u00e9rt, elsz\u00e1nt l\u00e9p\u00e9sekre is a Te dics\u0151s\u00e9gedre \u00e9s a lelkek megment\u00e9s\u00e9re. Hit\u00fcnk, mint t\u0171zoszlop vezessen minket &#8211; b\u00e1rhol is legy\u00fcnk &#8211; k\u00f6z\u00f6s gy\u0151zelemre. Add, hogy isteni f\u00e9nyed l\u00e1ngralobbant\u00f3i lehess\u00fcnk a b\u0171n s\u00f6t\u00e9tj\u00e9ben \u00e9s az \u00f6r\u00f6k hal\u00e1l \u00fatj\u00e1n, hogy az ellanyhultakat izz\u00edtsa \u00e1t a szeretet \u00e9s a megkem\u00e9nyedettek keljenek \u00faj \u00e9letre. Adj nek\u00fcnk er\u0151s hitet, amely l\u00e9pteinket a b\u00e9ke \u00fatj\u00e1ra ve\u00adzeti. V\u00e9g\u00fcl Urunk \u0151rk\u00f6dj felett\u00fcnk, hogy \u00e9le\u00adt\u00fcnk harca ut\u00e1n vesztes\u00e9g n\u00e9lk\u00fcl \u00e1llhasson majd El\u0151tted L\u00e9gi\u00f3nk az \u00f6r\u00f6k haz\u00e1ban, sze\u00adreteted \u00e9s dics\u0151s\u00e9ged orsz\u00e1g\u00e1ban. \u00c1men.<\/p>\n<p>V. A l\u00e9gi\u00f3 elhunyt tagjai \u00e9s minden meghalt h\u00edv\u0151 lelke Isten irgalm\u00e1b\u00f3l b\u00e9kess\u00e9gben nyu\u00adgodj\u00e9k.<\/p>\n<p>R. \u00c1men.<\/p>\n<p>V. Az Atya, a Fi\u00fa . . .<\/p>\n<p><strong>\u00a0<\/strong><\/p>\n<h1>IMA HAZ\u00c1NK\u00c9RT\u00a0\u00a0\u00a0\u00a0\u00a0\u00a0\u00a0\u00a0\u00a0\u00a0\u00a0\u00a0\u00a0\u00a0\u00a0\u00a0\u00a0\u00a0\u00a0\u00a0\u00a0\u00a0 <img loading=\"lazy\" decoding=\"async\" src=\"http:\/\/www.marialegio.hu\/webLegioimai_elemei\/image003.jpg\" alt=\"\" width=\"192\" height=\"314\" align=\"right\" hspace=\"12\" \/><\/h1>\n<p>&nbsp;<\/p>\n<p>J\u00f3s\u00e1gos Sz\u0171zany\u00e1nk, Magyarok Nagyasszonya, Kir\u00e1lyn\u0151nk!<\/p>\n<p>Nemzet\u00fcnk\u00e9rt k\u00f6ny\u00f6rg\u00fcnk hozz\u00e1d, k\u00e9r\u00fcnk esdekelj ki sz\u00e1munkra szent\u00e9let\u0171, b\u00e1tor papokat, akik kivezetik n\u00e9pedet az \u00faj pog\u00e1nys\u00e1g s\u00f6t\u00e9ts\u00e9g\u00e9b\u0151l a Szentl\u00e9lek vil\u00e1goss\u00e1g\u00e1ba. Szent Fiad keresztje legyen most is a c\u00e9l, mint 1000 \u00e9vvel ezel\u0151tt, mikor ehhez a kereszthez kapcsoltad n\u00e9p\u00fcnk sors\u00e1t \u00e9s l\u00e9tez\u00e9s\u00e9t. Vezess minket az Aty\u00e1hoz, irgalm\u00e1\u00e9rt esedezve, itt k\u00f6ny\u00f6r\u00f6gnek l\u00e1baidn\u00e1l a Te L\u00e9gi\u00f3d tagjai.<\/p>\n<p><em>Miaty\u00e1nk&#8230;.\u00a0\u00a0 <\/em><em>\u00dcdv\u00f6zl\u00e9gy&#8230;.\u00a0 <\/em><em>Dics\u0151s\u00e9g&#8230;.<\/em><\/p>\n<p><em>Szent Mih\u00e1ly<\/em> arkangyal v\u00e9delmezz minket a k\u00fczdelemben, a s\u00e1t\u00e1n gonosz k\u00eds\u00e9rt\u00e9sei ellen l\u00e9gy oltalmunk! Esedezve k\u00e9rj\u00fck: \u201eParancsoljon neki az Isten!\u201d Te pedig mennyei seregek vez\u00e9re, a s\u00e1t\u00e1nt \u00e9s a t\u00f6bbi gonosz szellemet, kik a lelkek veszt\u00e9re k\u00f6r\u00fclj\u00e1rnak a vil\u00e1gban, Isten erej\u00e9vel tasz\u00edtsd vissza a k\u00e1rhozat hely\u00e9re! \u00c1men<\/p>\n<p><strong>M\u00e1ria L\u00e9gi\u00f3 kir\u00e1lyn\u0151je\u00a0<\/strong><strong>k\u00f6ny\u00f6r\u00f6gj \u00e9rett\u00fcnk!<\/strong><\/p>\n<h1>ACIESS felaj\u00e1nl\u00f3 ima &#8211; az im\u00e1dkoz\u00f3 tagok r\u00e9sz\u00e9re<\/h1>\n<p>Sz\u0171zany\u00e1m, \u00f6r\u00f6mmel szentelem magam Szepl\u0151telen Sz\u00edvednek. Sz\u00edvesen v\u00e1llalom, hogy a Tied vagyok, \u00e9s hogy \u00e1ltalad eg\u00e9szen J\u00e9zushoz tartozom. Tan\u00edts meg J\u00e9zust mindig jobban szeretni, \u00e9rte \u00e9lni, \u00e9s \u00e9letemmel Neki szolg\u00e1lni. Meg\u00edg\u00e9rem, hogy naponta im\u00e1dkozom a r\u00f3zsaf\u00fcz\u00e9rt, elm\u00e9lkedve J\u00e9zus \u00e9let\u00e9n. Sz\u00edvesen v\u00e1llalom a kereszt\u00e9nyhez m\u00e9lt\u00f3 mindennapi \u00e9letet \u00fagy, hogy az a j\u00f3 Istennek \u00e9s Neked tetsz\u0151 legyen. Ezt az ig\u00e9retemet a Te kezedbe helyezem, hogy a b\u0171n\u00f6s\u00f6ket Isten akarata szerint megt\u00e9r\u00edtsd. Any\u00e1m seg\u00edts, hogy ezen ig\u00e9retemet h\u0171s\u00e9gesen betartsam. \u00c1men.<\/p>\n<p><strong><em>&#8211; az akt\u00edv tagok r\u00e9sz\u00e9re\u00a0\u00a0\u00a0\u00a0\u00a0\u00a0\u00a0\u00a0\u00a0\u00a0\u00a0\u00a0 <img loading=\"lazy\" decoding=\"async\" src=\"http:\/\/www.marialegio.hu\/webLegioimai_elemei\/image004.jpg\" alt=\"\" width=\"400\" height=\"287\" \/><\/em><\/strong><\/p>\n<h2>Kir\u00e1lyn\u0151m, Any\u00e1m! <strong>Eg\u00e9szen a Ti\u00e9d vagyok, s mindenem amim van, a Ti\u00e9d!<\/strong><\/h2>\n<p><strong>\u00a0<\/strong><\/p>\n<h1>\u00a0\u00a0\u00a0ISTENI IRGALMASS\u00c1G R\u00d3ZSAF\u00dcZ\u00c9RE\u00a0\u00a0\u00a0\u00a0\u00a0\u00a0\u00a0\u00a0<img loading=\"lazy\" decoding=\"async\" src=\"http:\/\/www.marialegio.hu\/webLegioimai_elemei\/image006.jpg\" alt=\"\" width=\"237\" height=\"351\" align=\"right\" hspace=\"12\" \/><\/h1>\n<p><em>A keresztre:\u00a0\u00a0\u00a0\u00a0\u00a0 <\/em>Miaty\u00e1nk\u2026 \u00dcdv\u00f6zl\u00e9gy\u2026 Hiszekegy\u2026<\/p>\n<p><em>Nagy szemekre:\u00a0\u00a0\u00a0\u00a0 <\/em>\u00d6r\u00f6k Atya! Felaj\u00e1nlom Neked szeretett Fiadnak, a mi Urunk, J\u00e9zus Krisztusnak<\/p>\n<p><strong>test\u00e9t \u00e9s v\u00e9r\u00e9t, lelk\u00e9t \u00e9s istens\u00e9g\u00e9t engesztel\u00e9s\u00fcl b\u0171neink\u00e9rt \u00e9s az eg\u00e9sz vil\u00e1g b\u0171nei\u00e9rt<\/strong>.<\/p>\n<p><em>Kis szemekre:\u00a0<\/em>J\u00e9zus f\u00e1jdalmas\u00a0szenved\u00e9s\u00e9\u00e9rt\u00a0<em>\u00a0\u00a0\u00a0\u00a0\u00a0\u00a0\u00a0\u00a0\u00a0\u00a0\u00a0\u00a0\u00a0\u00a0\u00a0\u00a0\u00a0\u00a0\u00a0\u00a0\u00a0\u00a0\u00a0\u00a0\u00a0\u00a0\u00a0\u00a0\u00a0\u00a0\u00a0\u00a0\u00a0\u00a0\u00a0\u00a0\u00a0\u00a0\u00a0\u00a0 <\/em><\/p>\n<p><strong>irgalmazz nek\u00fcnk<\/strong> <strong>\u00e9s az eg\u00e9sz vil\u00e1gnak!<\/strong><\/p>\n<p><em>Befejez\u00e9sre (h\u00e1romszor):\u00a0\u00a0<\/em><em>\u00a0\u00a0\u00a0\u00a0\u00a0\u00a0 <\/em>Szent Isten, Szent Er\u0151s Isten, Szent \u00e9s Halhatatlan Isten,<\/p>\n<p><strong>irgalmazz nek\u00fcnk \u00e9s az eg\u00e9sz vil\u00e1gnak!<\/strong><\/p>\n<p style=\"text-align: justify;\"><em>K\u00f6ny\u00f6r\u00f6gj\u00fcnk:<\/em>\u00a0<strong>Urunk, J\u00e9zus Krisztus!\u00a0<\/strong><strong>\u00a0\u00a0 \u00c1ldj meg \u00e9s v\u00e9dj meg minden j\u00f3akarat\u00fa embert ezen a vil\u00e1gon.\u00a0<\/strong><strong>\u00c9s mindazoknak, akik t\u00e1vol \u00e1llnak T\u0151led, adj j\u00f3akaratot.\u00a0<\/strong><strong> Ind\u00edtsd \u0151ket az igazs\u00e1g keres\u00e9s\u00e9re \u00e9s seg\u00edtsd \u0151ket, hogy T\u00e9ged\u00a0<\/strong><strong>megtal\u00e1ljanak, megismerjenek,\u00a0megszeressenek \u00e9s soha el\u00a0ne\u00a0<\/strong><strong>\u00a0\u00a0\u00a0\u00a0\u00a0\u00a0 hagyjanak. \u00c1men. <\/strong><\/p>\n<p>&nbsp;<\/p>\n<p><strong>\u00a0<\/strong><\/p>\n","protected":false},"excerpt":{"rendered":"<p>\u00a0TESSZERA \u2013 a seg\u00edt\u0151 l\u00e9gi\u00f3sok\u00a0napi im\u00e1ja\u00a0\u00a0\u00a0\u00a0\u00a0\u00a0\u00a0\u00a0 \u00a0\u00a0\u00a0\u00a0 BEVEZET\u0150 IMA\u00a0 Az Atya, a Fi\u00fa &#8230; V. J\u00f6jj Szentl\u00e9lek \u00daristen, t\u00f6ltsd el h\u00edveid sz\u00ed\u00adv\u00e9t \u00e9s gy\u00fajtsd l\u00e1ngra benn\u00fcnk szereteted t\u00fcz\u00e9t. \u00c1raszd r\u00e1nk Szentlelkedet \u00e9s minden \u00e9letre k\u00e9l. R. \u00c9s meg\u00faj\u00edtod a f\u00f6ld sz\u00edn\u00e9t. K\u00f6ny\u00f6r\u00f6gj\u00fcnk. &#8211; Urunk \u00e9s Isten\u00fcnk! K\u00e9\u00adr\u00fcnk, szenteld meg egyh\u00e1zadat minden n\u00e9p\u00adben \u00e9s minden nemzetben. &hellip; <a href=\"https:\/\/marialegio.hu\/?page_id=56\" class=\"more-link\"><span class=\"screen-reader-text\">L\u00e9gi\u00f3s im\u00e1k<\/span> b\u0151vebben&#8230; <span class=\"meta-nav\">&rarr;<\/span><\/a><\/p>\n","protected":false},"author":1,"featured_media":0,"parent":0,"menu_order":0,"comment_status":"closed","ping_status":"closed","template":"","meta":{"footnotes":""},"class_list":["post-56","page","type-page","status-publish","hentry"],"_links":{"self":[{"href":"https:\/\/marialegio.hu\/index.php?rest_route=\/wp\/v2\/pages\/56","targetHints":{"allow":["GET"]}}],"collection":[{"href":"https:\/\/marialegio.hu\/index.php?rest_route=\/wp\/v2\/pages"}],"about":[{"href":"https:\/\/marialegio.hu\/index.php?rest_route=\/wp\/v2\/types\/page"}],"author":[{"embeddable":true,"href":"https:\/\/marialegio.hu\/index.php?rest_route=\/wp\/v2\/users\/1"}],"replies":[{"embeddable":true,"href":"https:\/\/marialegio.hu\/index.php?rest_route=%2Fwp%2Fv2%2Fcomments&post=56"}],"version-history":[{"count":7,"href":"https:\/\/marialegio.hu\/index.php?rest_route=\/wp\/v2\/pages\/56\/revisions"}],"predecessor-version":[{"id":90,"href":"https:\/\/marialegio.hu\/index.php?rest_route=\/wp\/v2\/pages\/56\/revisions\/90"}],"wp:attachment":[{"href":"https:\/\/marialegio.hu\/index.php?rest_route=%2Fwp%2Fv2%2Fmedia&parent=56"}],"curies":[{"name":"wp","href":"https:\/\/api.w.org\/{rel}","templated":true}]}}