{"id":68,"date":"2014-07-13T11:59:48","date_gmt":"2014-07-13T11:59:48","guid":{"rendered":"http:\/\/marialegio.hu\/wordpress\/?page_id=68"},"modified":"2016-05-03T12:37:26","modified_gmt":"2016-05-03T12:37:26","slug":"legios-ujsag","status":"publish","type":"page","link":"https:\/\/marialegio.hu\/?page_id=68","title":{"rendered":"L\u00e9gi\u00f3s \u00fajs\u00e1g"},"content":{"rendered":"<p>[MMFileList folder=&#8221;..\/..\/..\/..\/ujsag&#8221; format=&#8221;table&#8221; types=&#8221;doc,docx,pdf&#8221; order=&#8221;desc&#8221;]<\/p>\n","protected":false},"excerpt":{"rendered":"<p>[MMFileList folder=&#8221;..\/..\/..\/..\/ujsag&#8221; format=&#8221;table&#8221; types=&#8221;doc,docx,pdf&#8221; order=&#8221;desc&#8221;]<\/p>\n","protected":false},"author":1,"featured_media":0,"parent":0,"menu_order":0,"comment_status":"closed","ping_status":"closed","template":"","meta":{"footnotes":""},"class_list":["post-68","page","type-page","status-publish","hentry"],"_links":{"self":[{"href":"https:\/\/marialegio.hu\/index.php?rest_route=\/wp\/v2\/pages\/68","targetHints":{"allow":["GET"]}}],"collection":[{"href":"https:\/\/marialegio.hu\/index.php?rest_route=\/wp\/v2\/pages"}],"about":[{"href":"https:\/\/marialegio.hu\/index.php?rest_route=\/wp\/v2\/types\/page"}],"author":[{"embeddable":true,"href":"https:\/\/marialegio.hu\/index.php?rest_route=\/wp\/v2\/users\/1"}],"replies":[{"embeddable":true,"href":"https:\/\/marialegio.hu\/index.php?rest_route=%2Fwp%2Fv2%2Fcomments&post=68"}],"version-history":[{"count":29,"href":"https:\/\/marialegio.hu\/index.php?rest_route=\/wp\/v2\/pages\/68\/revisions"}],"predecessor-version":[{"id":176,"href":"https:\/\/marialegio.hu\/index.php?rest_route=\/wp\/v2\/pages\/68\/revisions\/176"}],"wp:attachment":[{"href":"https:\/\/marialegio.hu\/index.php?rest_route=%2Fwp%2Fv2%2Fmedia&parent=68"}],"curies":[{"name":"wp","href":"https:\/\/api.w.org\/{rel}","templated":true}]}}